{"id":124,"date":"2021-12-14T15:40:16","date_gmt":"2021-12-14T14:40:16","guid":{"rendered":"https:\/\/info.salvatore-s.com\/?page_id=124"},"modified":"2021-12-14T15:48:39","modified_gmt":"2021-12-14T14:48:39","slug":"remboursements_retours","status":"publish","type":"page","link":"https:\/\/info.salvatore-s.com\/index.php\/remboursements_retours\/","title":{"rendered":"Politique en mati\u00e8re de remboursements et de retours"},"content":{"rendered":"\n<p><\/p>\n\n\n\n<p>Notre politique de remboursement et de retour dure 30 jours. Si 30 jours se sont \u00e9coul\u00e9s depuis votre achat, nous ne pouvons pas vous offrir un remboursement complet ou un \u00e9change.<\/p>\n\n\n\n<p>Pour \u00eatre \u00e9ligible \u00e0 un retour, votre article doit \u00eatre inutilis\u00e9 et dans le m\u00eame \u00e9tat que vous l&#8217;avez re\u00e7u. Il doit \u00e9galement \u00eatre dans son emballage d&#8217;origine.<\/p>\n\n\n\n<p>Plusieurs types de marchandises sont exempt\u00e9s de retour. Les denr\u00e9es p\u00e9rissables telles que la nourriture, les fleurs, les journaux ou les magazines ne peuvent pas \u00eatre retourn\u00e9s. Nous n&#8217;acceptons pas non plus les produits qui sont des produits intimes ou sanitaires, des mati\u00e8res dangereuses ou des liquides ou gaz inflammables.<\/p>\n\n\n\n<p class=\"has-medium-font-size\"><strong>Articles non retournables suppl\u00e9mentaires\u00a0:<\/strong><\/p>\n\n\n\n<ul class=\"wp-block-list\"><li>Cartes-cadeaux<\/li><li>Produits logiciels t\u00e9l\u00e9chargeables<\/li><li>Certains articles de sant\u00e9 et de soins personnels<\/li><\/ul>\n\n\n\n<p>Pour compl\u00e9ter votre retour, nous avons besoin d&#8217;un re\u00e7u ou d&#8217;une preuve d&#8217;achat.<\/p>\n\n\n\n<p>Veuillez ne pas renvoyer votre achat au fabricant.<\/p>\n\n\n\n<p class=\"has-medium-font-size\"><strong>Dans certaines situations, seuls des remboursements partiels sont accord\u00e9s\u00a0:<\/strong><\/p>\n\n\n\n<ul class=\"wp-block-list\"><li>Livre avec des signes \u00e9vidents d&#8217;utilisation<\/li><li>CD, DVD, cassette VHS, logiciel, jeu vid\u00e9o, cassette ou disque vinyle qui a \u00e9t\u00e9 ouvert.<\/li><li>Tout l&#8217;article n&#8217;est pas dans son \u00e9tat d&#8217;origine, est endommag\u00e9 ou manque des pi\u00e8ces pour des raisons non dues \u00e0 notre erreur.<\/li><li>Tout article qui est retourn\u00e9 plus de 30 jours apr\u00e8s la livraison<\/li><\/ul>\n\n\n\n<p><\/p>\n\n\n\n<p>Une fois votre retour re\u00e7u et inspect\u00e9, nous vous enverrons un e-mail pour vous informer que nous avons re\u00e7u votre article retourn\u00e9. Nous vous informerons \u00e9galement de l&#8217;approbation ou du rejet de votre remboursement.<\/p>\n\n\n\n<p>Si vous \u00eates approuv\u00e9, votre remboursement sera trait\u00e9 et un cr\u00e9dit sera automatiquement appliqu\u00e9 \u00e0 votre carte de cr\u00e9dit ou \u00e0 votre mode de paiement original, dans un certain nombre de jours.<\/p>\n\n\n\n<p class=\"has-medium-font-size\"><b>Remboursements tardifs ou manquants<\/b><\/p>\n\n\n\n<p>Si vous n&#8217;avez pas encore re\u00e7u de remboursement, v\u00e9rifiez d&#8217;abord \u00e0 nouveau votre compte bancaire.<\/p>\n\n\n\n<p>Ensuite, contactez votre soci\u00e9t\u00e9 de carte de cr\u00e9dit, cela peut prendre un certain temps avant que votre remboursement ne soit officiellement publi\u00e9.<\/p>\n\n\n\n<p>Contactez ensuite votre banque. Il y a souvent un certain temps de traitement avant qu&#8217;un remboursement ne soit publi\u00e9.<\/p>\n\n\n\n<p>Si vous avez fait tout cela et que vous n&#8217;avez toujours pas re\u00e7u votre remboursement, veuillez nous contacter \u00e0 {adresse e-mail}.<\/p>\n\n\n\n<p class=\"has-medium-font-size\"><b>Articles en solde<\/b><\/p>\n\n\n\n<p>Seuls les articles \u00e0 prix r\u00e9gulier peuvent \u00eatre rembours\u00e9s. Les articles sold\u00e9s ne peuvent pas \u00eatre rembours\u00e9s.<\/p>\n\n\n\n<p><\/p>\n\n\n\n<p>Nous ne rempla\u00e7ons les articles que s&#8217;ils sont d\u00e9fectueux ou endommag\u00e9s. Si vous avez besoin de l&#8217;\u00e9changer contre le m\u00eame article, envoyez-nous un e-mail \u00e0 {adresse e-mail} et envoyez votre article \u00e0&nbsp;: {adresse physique}.<\/p>\n\n\n\n<p><h2>Cadeaux<\/h2><\/p>\n\n\n\n<p>Si l&#8217;article a \u00e9t\u00e9 marqu\u00e9 comme cadeau lors de l&#8217;achat et qu&#8217;il vous a \u00e9t\u00e9 exp\u00e9di\u00e9 directement, vous recevrez un cr\u00e9dit-cadeau correspondant \u00e0 la valeur de votre retour. Une fois l&#8217;article retourn\u00e9 re\u00e7u, un ch\u00e8que-cadeau vous sera envoy\u00e9 par la poste.<\/p>\n\n\n\n<p>Si l&#8217;article n&#8217;a pas \u00e9t\u00e9 marqu\u00e9 comme cadeau lors de l&#8217;achat, ou si le donneur du cadeau s&#8217;est fait exp\u00e9dier la commande pour vous la remettre plus tard, nous enverrons un remboursement au donneur du cadeau et il sera inform\u00e9 de votre retour. <\/p>\n\n\n\n<p><\/p>\n\n\n\n<p>Pour retourner votre produit, vous devez envoyer votre produit \u00e0&nbsp;: {adresse physique}.<\/p>\n\n\n\n<p>Vous serez responsable du paiement de vos propres frais d&#8217;exp\u00e9dition pour le retour de votre article. Les frais d&#8217;exp\u00e9dition ne sont pas remboursables. Si vous recevez un remboursement, les frais d&#8217;exp\u00e9dition de retour seront d\u00e9duits de votre remboursement.<\/p>\n\n\n\n<p>Selon l&#8217;endroit o\u00f9 vous habitez, le temps que cela peut prendre pour que votre produit \u00e9chang\u00e9 vous parvienne peut varier.<\/p>\n\n\n\n<p>Si vous retournez des articles plus chers, vous pouvez envisager d&#8217;utiliser un service d&#8217;exp\u00e9dition tra\u00e7able ou de souscrire une assurance d&#8217;exp\u00e9dition. Nous ne garantissons pas que nous recevrons votre article retourn\u00e9.<\/p>\n\n\n\n<p><\/p>\n\n\n<p><!-- wp:paragraphe\n<\/p>--><\/p>","protected":false},"excerpt":{"rendered":"<p>Notre politique de remboursement et de retour dure 30 jours. Si 30 jours se sont \u00e9coul\u00e9s depuis votre achat, nous ne pouvons pas vous offrir un remboursement complet ou un \u00e9change. Pour \u00eatre \u00e9ligible \u00e0 un retour, votre article doit \u00eatre inutilis\u00e9 et dans le m\u00eame \u00e9tat que vous l&#8217;avez re\u00e7u. Il doit \u00e9galement \u00eatre &hellip; <\/p>\n","protected":false},"author":1,"featured_media":0,"parent":0,"menu_order":0,"comment_status":"closed","ping_status":"closed","template":"","meta":{"footnotes":""},"class_list":["post-124","page","type-page","status-publish","hentry"],"yoast_head":"<!-- This site is optimized with the Yoast SEO plugin v18.2 - https:\/\/yoast.com\/wordpress\/plugins\/seo\/ -->\n<title>Politique en mati\u00e8re de remboursements et de retours - Lab Wordpress<\/title>\n<meta name=\"robots\" content=\"noindex, follow, max-snippet:-1, max-image-preview:large, max-video-preview:-1\" \/>\n<meta property=\"og:locale\" content=\"fr_FR\" \/>\n<meta property=\"og:type\" content=\"article\" \/>\n<meta property=\"og:title\" content=\"Politique en mati\u00e8re de remboursements et de retours - Lab Wordpress\" \/>\n<meta property=\"og:description\" content=\"Notre politique de remboursement et de retour dure 30 jours. Si 30 jours se sont \u00e9coul\u00e9s depuis votre achat, nous ne pouvons pas vous offrir un remboursement complet ou un \u00e9change. Pour \u00eatre \u00e9ligible \u00e0 un retour, votre article doit \u00eatre inutilis\u00e9 et dans le m\u00eame \u00e9tat que vous l&#8217;avez re\u00e7u. Il doit \u00e9galement \u00eatre &hellip;\" \/>\n<meta property=\"og:url\" content=\"https:\/\/info.salvatore-s.com\/index.php\/remboursements_retours\/\" \/>\n<meta property=\"og:site_name\" content=\"Lab Wordpress\" \/>\n<meta property=\"article:modified_time\" content=\"2021-12-14T14:48:39+00:00\" \/>\n<meta name=\"twitter:card\" content=\"summary_large_image\" \/>\n<meta name=\"twitter:label1\" content=\"Dur\u00e9e de lecture estim\u00e9e\" \/>\n\t<meta name=\"twitter:data1\" content=\"3 minutes\" \/>\n<script type=\"application\/ld+json\" class=\"yoast-schema-graph\">{\"@context\":\"https:\/\/schema.org\",\"@graph\":[{\"@type\":[\"Person\",\"Organization\"],\"@id\":\"https:\/\/info.salvatore-s.com\/#\/schema\/person\/83aa00575570201828dc1d3a71282fc5\",\"name\":\"admin\",\"image\":{\"@type\":\"ImageObject\",\"@id\":\"https:\/\/info.salvatore-s.com\/#personlogo\",\"inLanguage\":\"fr-FR\",\"url\":\"https:\/\/secure.gravatar.com\/avatar\/652f9f9ce8d9749f4d44f6963cc4edc92f22777ba024680a47bb64b5c58f2c08?s=96&d=mm&r=g\",\"contentUrl\":\"https:\/\/secure.gravatar.com\/avatar\/652f9f9ce8d9749f4d44f6963cc4edc92f22777ba024680a47bb64b5c58f2c08?s=96&d=mm&r=g\",\"caption\":\"admin\"},\"logo\":{\"@id\":\"https:\/\/info.salvatore-s.com\/#personlogo\"},\"sameAs\":[\"https:\/\/info.salvatore-s.com\"]},{\"@type\":\"WebSite\",\"@id\":\"https:\/\/info.salvatore-s.com\/#website\",\"url\":\"https:\/\/info.salvatore-s.com\/\",\"name\":\"Lab Wordpress\",\"description\":\"Cours Superprof\",\"publisher\":{\"@id\":\"https:\/\/info.salvatore-s.com\/#\/schema\/person\/83aa00575570201828dc1d3a71282fc5\"},\"potentialAction\":[{\"@type\":\"SearchAction\",\"target\":{\"@type\":\"EntryPoint\",\"urlTemplate\":\"https:\/\/info.salvatore-s.com\/?s={search_term_string}\"},\"query-input\":\"required name=search_term_string\"}],\"inLanguage\":\"fr-FR\"},{\"@type\":\"WebPage\",\"@id\":\"https:\/\/info.salvatore-s.com\/index.php\/remboursements_retours\/#webpage\",\"url\":\"https:\/\/info.salvatore-s.com\/index.php\/remboursements_retours\/\",\"name\":\"Politique en mati\u00e8re de remboursements et de retours - Lab Wordpress\",\"isPartOf\":{\"@id\":\"https:\/\/info.salvatore-s.com\/#website\"},\"datePublished\":\"2021-12-14T14:40:16+00:00\",\"dateModified\":\"2021-12-14T14:48:39+00:00\",\"breadcrumb\":{\"@id\":\"https:\/\/info.salvatore-s.com\/index.php\/remboursements_retours\/#breadcrumb\"},\"inLanguage\":\"fr-FR\",\"potentialAction\":[{\"@type\":\"ReadAction\",\"target\":[\"https:\/\/info.salvatore-s.com\/index.php\/remboursements_retours\/\"]}]},{\"@type\":\"BreadcrumbList\",\"@id\":\"https:\/\/info.salvatore-s.com\/index.php\/remboursements_retours\/#breadcrumb\",\"itemListElement\":[{\"@type\":\"ListItem\",\"position\":1,\"name\":\"Accueil\",\"item\":\"https:\/\/info.salvatore-s.com\/\"},{\"@type\":\"ListItem\",\"position\":2,\"name\":\"Politique en mati\u00e8re de remboursements et de retours\"}]}]}<\/script>\n<!-- \/ Yoast SEO plugin. -->","yoast_head_json":{"title":"Politique en mati\u00e8re de remboursements et de retours - Lab Wordpress","robots":{"index":"noindex","follow":"follow","max-snippet":"max-snippet:-1","max-image-preview":"max-image-preview:large","max-video-preview":"max-video-preview:-1"},"og_locale":"fr_FR","og_type":"article","og_title":"Politique en mati\u00e8re de remboursements et de retours - Lab Wordpress","og_description":"Notre politique de remboursement et de retour dure 30 jours. Si 30 jours se sont \u00e9coul\u00e9s depuis votre achat, nous ne pouvons pas vous offrir un remboursement complet ou un \u00e9change. Pour \u00eatre \u00e9ligible \u00e0 un retour, votre article doit \u00eatre inutilis\u00e9 et dans le m\u00eame \u00e9tat que vous l&#8217;avez re\u00e7u. Il doit \u00e9galement \u00eatre &hellip;","og_url":"https:\/\/info.salvatore-s.com\/index.php\/remboursements_retours\/","og_site_name":"Lab Wordpress","article_modified_time":"2021-12-14T14:48:39+00:00","twitter_card":"summary_large_image","twitter_misc":{"Dur\u00e9e de lecture estim\u00e9e":"3 minutes"},"schema":{"@context":"https:\/\/schema.org","@graph":[{"@type":["Person","Organization"],"@id":"https:\/\/info.salvatore-s.com\/#\/schema\/person\/83aa00575570201828dc1d3a71282fc5","name":"admin","image":{"@type":"ImageObject","@id":"https:\/\/info.salvatore-s.com\/#personlogo","inLanguage":"fr-FR","url":"https:\/\/secure.gravatar.com\/avatar\/652f9f9ce8d9749f4d44f6963cc4edc92f22777ba024680a47bb64b5c58f2c08?s=96&d=mm&r=g","contentUrl":"https:\/\/secure.gravatar.com\/avatar\/652f9f9ce8d9749f4d44f6963cc4edc92f22777ba024680a47bb64b5c58f2c08?s=96&d=mm&r=g","caption":"admin"},"logo":{"@id":"https:\/\/info.salvatore-s.com\/#personlogo"},"sameAs":["https:\/\/info.salvatore-s.com"]},{"@type":"WebSite","@id":"https:\/\/info.salvatore-s.com\/#website","url":"https:\/\/info.salvatore-s.com\/","name":"Lab Wordpress","description":"Cours Superprof","publisher":{"@id":"https:\/\/info.salvatore-s.com\/#\/schema\/person\/83aa00575570201828dc1d3a71282fc5"},"potentialAction":[{"@type":"SearchAction","target":{"@type":"EntryPoint","urlTemplate":"https:\/\/info.salvatore-s.com\/?s={search_term_string}"},"query-input":"required name=search_term_string"}],"inLanguage":"fr-FR"},{"@type":"WebPage","@id":"https:\/\/info.salvatore-s.com\/index.php\/remboursements_retours\/#webpage","url":"https:\/\/info.salvatore-s.com\/index.php\/remboursements_retours\/","name":"Politique en mati\u00e8re de remboursements et de retours - Lab Wordpress","isPartOf":{"@id":"https:\/\/info.salvatore-s.com\/#website"},"datePublished":"2021-12-14T14:40:16+00:00","dateModified":"2021-12-14T14:48:39+00:00","breadcrumb":{"@id":"https:\/\/info.salvatore-s.com\/index.php\/remboursements_retours\/#breadcrumb"},"inLanguage":"fr-FR","potentialAction":[{"@type":"ReadAction","target":["https:\/\/info.salvatore-s.com\/index.php\/remboursements_retours\/"]}]},{"@type":"BreadcrumbList","@id":"https:\/\/info.salvatore-s.com\/index.php\/remboursements_retours\/#breadcrumb","itemListElement":[{"@type":"ListItem","position":1,"name":"Accueil","item":"https:\/\/info.salvatore-s.com\/"},{"@type":"ListItem","position":2,"name":"Politique en mati\u00e8re de remboursements et de retours"}]}]}},"_links":{"self":[{"href":"https:\/\/info.salvatore-s.com\/index.php\/wp-json\/wp\/v2\/pages\/124","targetHints":{"allow":["GET"]}}],"collection":[{"href":"https:\/\/info.salvatore-s.com\/index.php\/wp-json\/wp\/v2\/pages"}],"about":[{"href":"https:\/\/info.salvatore-s.com\/index.php\/wp-json\/wp\/v2\/types\/page"}],"author":[{"embeddable":true,"href":"https:\/\/info.salvatore-s.com\/index.php\/wp-json\/wp\/v2\/users\/1"}],"replies":[{"embeddable":true,"href":"https:\/\/info.salvatore-s.com\/index.php\/wp-json\/wp\/v2\/comments?post=124"}],"version-history":[{"count":2,"href":"https:\/\/info.salvatore-s.com\/index.php\/wp-json\/wp\/v2\/pages\/124\/revisions"}],"predecessor-version":[{"id":247,"href":"https:\/\/info.salvatore-s.com\/index.php\/wp-json\/wp\/v2\/pages\/124\/revisions\/247"}],"wp:attachment":[{"href":"https:\/\/info.salvatore-s.com\/index.php\/wp-json\/wp\/v2\/media?parent=124"}],"curies":[{"name":"wp","href":"https:\/\/api.w.org\/{rel}","templated":true}]}}