{"id":1246,"date":"2022-01-05T09:22:21","date_gmt":"2022-01-05T08:22:21","guid":{"rendered":"https:\/\/info.salvatore-s.com\/?post_type=product&#038;p=1246"},"modified":"2022-01-17T15:40:58","modified_gmt":"2022-01-17T14:40:58","slug":"cours-1h","status":"publish","type":"product","link":"https:\/\/info.salvatore-s.com\/index.php\/produit\/cours-1h\/","title":{"rendered":"Cours 1h online"},"content":{"rendered":"<p>Webcam<\/p>\n","protected":false},"excerpt":{"rendered":"<pre>Cours d'introduction \u00e0 la cr\u00e9ation de sites Web, dur\u00e9e une heure,\r\nseulement pour la premi\u00e8re fois le prix est de 1 CHF.Pour le cours\r\ncomplet veuillez choisir le forfait 8 heures en bas de la page.<\/pre>\n","protected":false},"featured_media":1261,"comment_status":"open","ping_status":"closed","template":"","meta":[],"product_cat":[21],"product_tag":[],"class_list":["post-1246","product","type-product","status-publish","has-post-thumbnail","hentry","product_cat-learning","bookacti-activity"],"yoast_head":"<!-- This site is optimized with the Yoast SEO plugin v18.2 - https:\/\/yoast.com\/wordpress\/plugins\/seo\/ -->\n<title>Cours 1h online - Lab Wordpress<\/title>\n<meta name=\"robots\" content=\"noindex, follow, max-snippet:-1, max-image-preview:large, max-video-preview:-1\" \/>\n<meta property=\"og:locale\" content=\"fr_FR\" \/>\n<meta property=\"og:type\" content=\"article\" \/>\n<meta property=\"og:title\" content=\"Cours 1h online - Lab Wordpress\" \/>\n<meta property=\"og:description\" content=\"Cours d&#039;introduction \u00e0 la cr\u00e9ation de sites Web, dur\u00e9e une heure, seulement pour la premi\u00e8re fois le prix est de 1 CHF.Pour le cours complet veuillez choisir le forfait 8 heures en bas de la page.\" \/>\n<meta property=\"og:url\" content=\"https:\/\/info.salvatore-s.com\/index.php\/produit\/cours-1h\/\" \/>\n<meta property=\"og:site_name\" content=\"Lab Wordpress\" \/>\n<meta property=\"article:modified_time\" content=\"2022-01-17T14:40:58+00:00\" \/>\n<meta property=\"og:image\" content=\"https:\/\/info.salvatore-s.com\/wp-content\/uploads\/2022\/01\/child-ged42ff99b_1920-1.jpg\" \/>\n\t<meta property=\"og:image:width\" content=\"1920\" \/>\n\t<meta property=\"og:image:height\" content=\"1277\" \/>\n\t<meta property=\"og:image:type\" content=\"image\/jpeg\" \/>\n<meta name=\"twitter:card\" content=\"summary_large_image\" \/>\n<meta name=\"twitter:label1\" content=\"Dur\u00e9e de lecture estim\u00e9e\" \/>\n\t<meta name=\"twitter:data1\" content=\"1 minute\" \/>\n<script type=\"application\/ld+json\" class=\"yoast-schema-graph\">{\"@context\":\"https:\/\/schema.org\",\"@graph\":[{\"@type\":[\"Person\",\"Organization\"],\"@id\":\"https:\/\/info.salvatore-s.com\/#\/schema\/person\/83aa00575570201828dc1d3a71282fc5\",\"name\":\"admin\",\"image\":{\"@type\":\"ImageObject\",\"@id\":\"https:\/\/info.salvatore-s.com\/#personlogo\",\"inLanguage\":\"fr-FR\",\"url\":\"https:\/\/secure.gravatar.com\/avatar\/652f9f9ce8d9749f4d44f6963cc4edc92f22777ba024680a47bb64b5c58f2c08?s=96&d=mm&r=g\",\"contentUrl\":\"https:\/\/secure.gravatar.com\/avatar\/652f9f9ce8d9749f4d44f6963cc4edc92f22777ba024680a47bb64b5c58f2c08?s=96&d=mm&r=g\",\"caption\":\"admin\"},\"logo\":{\"@id\":\"https:\/\/info.salvatore-s.com\/#personlogo\"},\"sameAs\":[\"https:\/\/info.salvatore-s.com\"]},{\"@type\":\"WebSite\",\"@id\":\"https:\/\/info.salvatore-s.com\/#website\",\"url\":\"https:\/\/info.salvatore-s.com\/\",\"name\":\"Lab Wordpress\",\"description\":\"Cours Superprof\",\"publisher\":{\"@id\":\"https:\/\/info.salvatore-s.com\/#\/schema\/person\/83aa00575570201828dc1d3a71282fc5\"},\"potentialAction\":[{\"@type\":\"SearchAction\",\"target\":{\"@type\":\"EntryPoint\",\"urlTemplate\":\"https:\/\/info.salvatore-s.com\/?s={search_term_string}\"},\"query-input\":\"required name=search_term_string\"}],\"inLanguage\":\"fr-FR\"},{\"@type\":\"ImageObject\",\"@id\":\"https:\/\/info.salvatore-s.com\/index.php\/produit\/cours-1h\/#primaryimage\",\"inLanguage\":\"fr-FR\",\"url\":\"https:\/\/info.salvatore-s.com\/wp-content\/uploads\/2022\/01\/child-ged42ff99b_1920-1.jpg\",\"contentUrl\":\"https:\/\/info.salvatore-s.com\/wp-content\/uploads\/2022\/01\/child-ged42ff99b_1920-1.jpg\",\"width\":1920,\"height\":1277},{\"@type\":\"WebPage\",\"@id\":\"https:\/\/info.salvatore-s.com\/index.php\/produit\/cours-1h\/#webpage\",\"url\":\"https:\/\/info.salvatore-s.com\/index.php\/produit\/cours-1h\/\",\"name\":\"Cours 1h online - Lab Wordpress\",\"isPartOf\":{\"@id\":\"https:\/\/info.salvatore-s.com\/#website\"},\"primaryImageOfPage\":{\"@id\":\"https:\/\/info.salvatore-s.com\/index.php\/produit\/cours-1h\/#primaryimage\"},\"datePublished\":\"2022-01-05T08:22:21+00:00\",\"dateModified\":\"2022-01-17T14:40:58+00:00\",\"breadcrumb\":{\"@id\":\"https:\/\/info.salvatore-s.com\/index.php\/produit\/cours-1h\/#breadcrumb\"},\"inLanguage\":\"fr-FR\",\"potentialAction\":[{\"@type\":\"ReadAction\",\"target\":[\"https:\/\/info.salvatore-s.com\/index.php\/produit\/cours-1h\/\"]}]},{\"@type\":\"BreadcrumbList\",\"@id\":\"https:\/\/info.salvatore-s.com\/index.php\/produit\/cours-1h\/#breadcrumb\",\"itemListElement\":[{\"@type\":\"ListItem\",\"position\":1,\"name\":\"Accueil\",\"item\":\"https:\/\/info.salvatore-s.com\/\"},{\"@type\":\"ListItem\",\"position\":2,\"name\":\"Boutique\",\"item\":\"https:\/\/info.salvatore-s.com\/index.php\/boutique\/\"},{\"@type\":\"ListItem\",\"position\":3,\"name\":\"Cours 1h online\"}]}]}<\/script>\n<!-- \/ Yoast SEO plugin. -->","yoast_head_json":{"title":"Cours 1h online - Lab Wordpress","robots":{"index":"noindex","follow":"follow","max-snippet":"max-snippet:-1","max-image-preview":"max-image-preview:large","max-video-preview":"max-video-preview:-1"},"og_locale":"fr_FR","og_type":"article","og_title":"Cours 1h online - Lab Wordpress","og_description":"Cours d'introduction \u00e0 la cr\u00e9ation de sites Web, dur\u00e9e une heure, seulement pour la premi\u00e8re fois le prix est de 1 CHF.Pour le cours complet veuillez choisir le forfait 8 heures en bas de la page.","og_url":"https:\/\/info.salvatore-s.com\/index.php\/produit\/cours-1h\/","og_site_name":"Lab Wordpress","article_modified_time":"2022-01-17T14:40:58+00:00","og_image":[{"width":1920,"height":1277,"url":"https:\/\/info.salvatore-s.com\/wp-content\/uploads\/2022\/01\/child-ged42ff99b_1920-1.jpg","type":"image\/jpeg"}],"twitter_card":"summary_large_image","twitter_misc":{"Dur\u00e9e de lecture estim\u00e9e":"1 minute"},"schema":{"@context":"https:\/\/schema.org","@graph":[{"@type":["Person","Organization"],"@id":"https:\/\/info.salvatore-s.com\/#\/schema\/person\/83aa00575570201828dc1d3a71282fc5","name":"admin","image":{"@type":"ImageObject","@id":"https:\/\/info.salvatore-s.com\/#personlogo","inLanguage":"fr-FR","url":"https:\/\/secure.gravatar.com\/avatar\/652f9f9ce8d9749f4d44f6963cc4edc92f22777ba024680a47bb64b5c58f2c08?s=96&d=mm&r=g","contentUrl":"https:\/\/secure.gravatar.com\/avatar\/652f9f9ce8d9749f4d44f6963cc4edc92f22777ba024680a47bb64b5c58f2c08?s=96&d=mm&r=g","caption":"admin"},"logo":{"@id":"https:\/\/info.salvatore-s.com\/#personlogo"},"sameAs":["https:\/\/info.salvatore-s.com"]},{"@type":"WebSite","@id":"https:\/\/info.salvatore-s.com\/#website","url":"https:\/\/info.salvatore-s.com\/","name":"Lab Wordpress","description":"Cours Superprof","publisher":{"@id":"https:\/\/info.salvatore-s.com\/#\/schema\/person\/83aa00575570201828dc1d3a71282fc5"},"potentialAction":[{"@type":"SearchAction","target":{"@type":"EntryPoint","urlTemplate":"https:\/\/info.salvatore-s.com\/?s={search_term_string}"},"query-input":"required name=search_term_string"}],"inLanguage":"fr-FR"},{"@type":"ImageObject","@id":"https:\/\/info.salvatore-s.com\/index.php\/produit\/cours-1h\/#primaryimage","inLanguage":"fr-FR","url":"https:\/\/info.salvatore-s.com\/wp-content\/uploads\/2022\/01\/child-ged42ff99b_1920-1.jpg","contentUrl":"https:\/\/info.salvatore-s.com\/wp-content\/uploads\/2022\/01\/child-ged42ff99b_1920-1.jpg","width":1920,"height":1277},{"@type":"WebPage","@id":"https:\/\/info.salvatore-s.com\/index.php\/produit\/cours-1h\/#webpage","url":"https:\/\/info.salvatore-s.com\/index.php\/produit\/cours-1h\/","name":"Cours 1h online - Lab Wordpress","isPartOf":{"@id":"https:\/\/info.salvatore-s.com\/#website"},"primaryImageOfPage":{"@id":"https:\/\/info.salvatore-s.com\/index.php\/produit\/cours-1h\/#primaryimage"},"datePublished":"2022-01-05T08:22:21+00:00","dateModified":"2022-01-17T14:40:58+00:00","breadcrumb":{"@id":"https:\/\/info.salvatore-s.com\/index.php\/produit\/cours-1h\/#breadcrumb"},"inLanguage":"fr-FR","potentialAction":[{"@type":"ReadAction","target":["https:\/\/info.salvatore-s.com\/index.php\/produit\/cours-1h\/"]}]},{"@type":"BreadcrumbList","@id":"https:\/\/info.salvatore-s.com\/index.php\/produit\/cours-1h\/#breadcrumb","itemListElement":[{"@type":"ListItem","position":1,"name":"Accueil","item":"https:\/\/info.salvatore-s.com\/"},{"@type":"ListItem","position":2,"name":"Boutique","item":"https:\/\/info.salvatore-s.com\/index.php\/boutique\/"},{"@type":"ListItem","position":3,"name":"Cours 1h online"}]}]}},"_links":{"self":[{"href":"https:\/\/info.salvatore-s.com\/index.php\/wp-json\/wp\/v2\/product\/1246","targetHints":{"allow":["GET"]}}],"collection":[{"href":"https:\/\/info.salvatore-s.com\/index.php\/wp-json\/wp\/v2\/product"}],"about":[{"href":"https:\/\/info.salvatore-s.com\/index.php\/wp-json\/wp\/v2\/types\/product"}],"replies":[{"embeddable":true,"href":"https:\/\/info.salvatore-s.com\/index.php\/wp-json\/wp\/v2\/comments?post=1246"}],"wp:featuredmedia":[{"embeddable":true,"href":"https:\/\/info.salvatore-s.com\/index.php\/wp-json\/wp\/v2\/media\/1261"}],"wp:attachment":[{"href":"https:\/\/info.salvatore-s.com\/index.php\/wp-json\/wp\/v2\/media?parent=1246"}],"wp:term":[{"taxonomy":"product_cat","embeddable":true,"href":"https:\/\/info.salvatore-s.com\/index.php\/wp-json\/wp\/v2\/product_cat?post=1246"},{"taxonomy":"product_tag","embeddable":true,"href":"https:\/\/info.salvatore-s.com\/index.php\/wp-json\/wp\/v2\/product_tag?post=1246"}],"curies":[{"name":"wp","href":"https:\/\/api.w.org\/{rel}","templated":true}]}}